{"id":65,"date":"2024-10-15T15:59:03","date_gmt":"2024-10-15T13:59:03","guid":{"rendered":"http:\/\/radamak.cluster027.hosting.ovh.net\/?page_id=65"},"modified":"2024-10-15T15:59:03","modified_gmt":"2024-10-15T13:59:03","slug":"ou-recreations-graphiques-et-plastiques-de-claude-razanajao-images-de-bibliotheques-de-bibliothecaires-de-lecteurs-et-dessins-sur-dautres-themes","status":"publish","type":"page","link":"https:\/\/www.radama.fr\/","title":{"rendered":"ou (R\u00e9)cr\u00e9ations graphiques et plastiques de Claude Razanajao : images de biblioth\u00e8ques, de biblioth\u00e9caires, de lecteurs et dessins sur d\u2019autres th\u00e8mes"},"content":{"rendered":"\n<p>Le plus beau m\u00e9tier, voyez-vous, c\u2019est d\u2019\u00eatre biblioth\u00e9caire !\u2026Une petite biblioth\u00e8que municipale dans une petite ville de Bretagne\u2026 Brusquement, quand arrive la soixantaine, on se met \u00e0 \u00e9crire une monographie de 80 pages : \u00ab&nbsp;Mme de S\u00e9vign\u00e9 est-elle pass\u00e9e par Pontivy?&nbsp;\u00bb alors on devient fr\u00e9n\u00e9tique, on envoie des lettres cinglantes au chanoine qui chicane sur une date\u2026\u201d (propos tenus par Charles De Gaulle \u00e0 Londres en 1942, rapport\u00e9s par Fran\u00e7ois Coulet et partiellement cit\u00e9s par Jean Lacouture dans : \u00ab&nbsp;De Gaulle&nbsp;\u00bb, tome 1, Ed. du Seuil, 1984). Cet \u00e9loge du biblioth\u00e9caire a d\u00e9cid\u00e9ment marqu\u00e9 les esprits; Erik Orsenna, qui fait feu de tout bois, le met \u00e0 son tour dans la bouche de Gabriel Orsenna, personnage central de \u00ab&nbsp;L\u2019exposition coloniale&nbsp;\u00bb que le romancier fait rencontrer De Gaulle en cette fameuse ann\u00e9e 42 qui m\u2019a vu na\u00eetre\u2026 (Ed. du Seuil, 1988). Quant \u00e0 la monographie, elle a enfin paru, mais elle ne compte que 56 pages\u2026<\/p>\n\n\n\n<p><\/p>\n","protected":false},"excerpt":{"rendered":"<p>Le plus beau m\u00e9tier, voyez-vous, c\u2019est d\u2019\u00eatre biblioth\u00e9caire !\u2026Une petite biblioth\u00e8que municipale dans une petite ville de Bretagne\u2026 Brusquement, quand arrive la soixantaine, on se met \u00e0 \u00e9crire une monographie de 80 pages : \u00ab&nbsp;Mme de S\u00e9vign\u00e9 est-elle pass\u00e9e par Pontivy?&nbsp;\u00bb alors on devient fr\u00e9n\u00e9tique, on envoie des lettres cinglantes au chanoine qui chicane sur [&hellip;]<\/p>\n","protected":false},"author":1,"featured_media":0,"parent":0,"menu_order":0,"comment_status":"closed","ping_status":"closed","template":"","meta":{"footnotes":""},"class_list":["post-65","page","type-page","status-publish","hentry"],"_links":{"self":[{"href":"https:\/\/www.radama.fr\/index.php\/wp-json\/wp\/v2\/pages\/65","targetHints":{"allow":["GET"]}}],"collection":[{"href":"https:\/\/www.radama.fr\/index.php\/wp-json\/wp\/v2\/pages"}],"about":[{"href":"https:\/\/www.radama.fr\/index.php\/wp-json\/wp\/v2\/types\/page"}],"author":[{"embeddable":true,"href":"https:\/\/www.radama.fr\/index.php\/wp-json\/wp\/v2\/users\/1"}],"replies":[{"embeddable":true,"href":"https:\/\/www.radama.fr\/index.php\/wp-json\/wp\/v2\/comments?post=65"}],"version-history":[{"count":1,"href":"https:\/\/www.radama.fr\/index.php\/wp-json\/wp\/v2\/pages\/65\/revisions"}],"predecessor-version":[{"id":66,"href":"https:\/\/www.radama.fr\/index.php\/wp-json\/wp\/v2\/pages\/65\/revisions\/66"}],"wp:attachment":[{"href":"https:\/\/www.radama.fr\/index.php\/wp-json\/wp\/v2\/media?parent=65"}],"curies":[{"name":"wp","href":"https:\/\/api.w.org\/{rel}","templated":true}]}}