{"id":23,"date":"2024-10-15T13:07:14","date_gmt":"2024-10-15T11:07:14","guid":{"rendered":"http:\/\/radamak.cluster027.hosting.ovh.net\/?page_id=23"},"modified":"2024-10-15T14:37:36","modified_gmt":"2024-10-15T12:37:36","slug":"serie-1-humour-et-bibliotheques","status":"publish","type":"page","link":"https:\/\/www.radama.fr\/index.php\/serie-1-humour-et-bibliotheques\/","title":{"rendered":"S\u00e9rie 1 : humour et biblioth\u00e8ques"},"content":{"rendered":"\n<div class=\"wp-block-group is-nowrap is-layout-flex wp-container-core-group-is-layout-ad2f72ca wp-block-group-is-layout-flex\">\n<div class=\"wp-block-columns is-layout-flex wp-container-core-columns-is-layout-9d6595d7 wp-block-columns-is-layout-flex\">\n<div class=\"wp-block-column is-layout-flow wp-block-column-is-layout-flow\" style=\"flex-basis:50%\">\n<div class=\"wp-block-columns is-layout-flex wp-container-core-columns-is-layout-9d6595d7 wp-block-columns-is-layout-flex\">\n<div class=\"wp-block-column pull-left is-layout-flow wp-block-column-is-layout-flow\" style=\"flex-basis:100%\"><\/div>\n<\/div>\n\n\n\n<p><\/p>\n<\/div>\n<\/div>\n<\/div>\n\n\n\n<div class=\"wp-block-group\"><div class=\"wp-block-group__inner-container is-layout-constrained wp-block-group-is-layout-constrained\">\n<div class=\"wp-block-columns is-layout-flex wp-container-core-columns-is-layout-9d6595d7 wp-block-columns-is-layout-flex\">\n<div class=\"wp-block-column is-layout-flow wp-block-column-is-layout-flow\" style=\"flex-basis:50%\">\n<div class=\"wp-block-group is-nowrap is-layout-flex wp-container-core-group-is-layout-ad2f72ca wp-block-group-is-layout-flex\">\n<p>Travailler dans le monde des biblioth\u00e8ques et de la documentation pendant plus de quarante ans (avril 1964-ao\u00fbt 2004) laisse quelques souvenirs. Les repr\u00e9sentations de biblioth\u00e8ques et de biblioth\u00e9caires ci-dessous sont le fruit de l&rsquo;observation constante d&rsquo;un milieu riche et vivant qui a connu une \u00e9volution remarquable pendant cette longue p\u00e9riode. Unique (dans tous les sens du terme!) lors de la cr\u00e9ation des R\u00e9cr\u00e9ations graphiques, cette page a \u00e9t\u00e9 ensuite subdivis\u00e9e par th\u00e8mes et certains d&rsquo;entre eux ont \u00e0 leur tour fait l&rsquo;objet de pages sp\u00e9cifiques (voir le plan du site). Depuis septembre 2011, la refonte se pousuit\u2026 Les dessins rassembl\u00e9s ici ne recouvrent \u00e9videmment pas tous les aspects de la biblioth\u00e9conomie; ils r\u00e9pondaient autrefois, et r\u00e9pondent parfois encore, \u00e0 des demandes ponctuelles d&rsquo;illustrations. Des liens figurant sous certaines images m\u00e8nent \u00e9galement sur un blog o\u00f9 j&rsquo;\u00e9voque, \u00e0 l&rsquo;occasion, d&rsquo;autres souvenirs professionnels, illustr\u00e9s de dessins lorsque le sujet s&rsquo;y pr\u00eate..<\/p>\n<\/div>\n<\/div>\n\n\n\n<div class=\"wp-block-column is-layout-flow wp-block-column-is-layout-flow\" style=\"flex-basis:50%\">\n<div class=\"wp-block-group is-vertical is-layout-flex wp-container-core-group-is-layout-8cf370e7 wp-block-group-is-layout-flex\">\n<figure class=\"wp-block-image size-full is-resized wp-container-content-69bc4bdf\"><img loading=\"lazy\" decoding=\"async\" width=\"140\" height=\"135\" src=\"http:\/\/radamak.cluster027.hosting.ovh.net\/wp-content\/uploads\/2024\/10\/rigolard.png\" alt=\"Rigolard\" class=\"wp-image-24\" style=\"width:214px;height:auto\"\/><\/figure>\n\n\n\n<p class=\"has-text-align-left wp-container-content-69bc4bdf\"><strong>D&rsquo;autres liens (externes) donnent aussi acc\u00e8s \u00e0 divers sites relevant du monde des biblioth\u00e8ques et de la documentation. Il faut bien admettre que Biblioth\u00e9caire n&rsquo;est pas n\u00e9cessairement synonyme d&rsquo;ennuyeux!<\/strong><\/p>\n<\/div>\n\n\n\n<p>Les dessins figurant dans cette premi\u00e8re s\u00e9rie des\u00a0<em>R\u00e9cr\u00e9ations graphiques<\/em>\u00a0ont paru dans : \u00ab\u00a0Arabesques\u00a0\u00bb, \u00ab\u00a0Bibliot-\u00e9chos\u00a0\u00bb (bulletin du Groupe Languedoc-Roussillon de l&rsquo;ABF), \u00ab\u00a0Bulletin d&rsquo;information \/ Association des bibliot\u00e9caires fran\u00e7ais\u00a0\u00bb (devenu : \u00ab\u00a0BIBLIOTh\u00e8que(s) : revue de l&rsquo;Association des biblioth\u00e9caires de France\u00a0\u00bb), \u00ab\u00a0Bibulle : bulletin \u00e0 l&rsquo;attention des biblioth\u00e9caires\u00a0\u00bb, \u00ab\u00a0La lettre de la biblioth\u00e8que [puis] interuniversitaire de Montpellier\u00a0\u00bb, \u00ab\u00a0Livres Hebdo\u00a0\u00bb, \u00ab\u00a0Le livre \u00e0 Montpellier\u00a0\u00bb (1985) , \u00ab\u00a0Votre b\u00e2timent de A \u00e0 Z\u00a0\u00bb \/ J. Gascuel, A.-M. Chaintreau (2000), SIBIL \/ Biblioth\u00e8que interuniversitaire de Montpellier (1987), SIBIL et REBUS : le syst\u00e8me et le r\u00e9seau \/ R\u00e9seau des biblioth\u00e8ques utilisant SIBIL (1989), etc.<\/p>\n<\/div>\n<\/div>\n<\/div><\/div>\n\n\n\n<p><\/p>\n","protected":false},"excerpt":{"rendered":"<p>Travailler dans le monde des biblioth\u00e8ques et de la documentation pendant plus de quarante ans (avril 1964-ao\u00fbt 2004) laisse quelques souvenirs. Les repr\u00e9sentations de biblioth\u00e8ques et de biblioth\u00e9caires ci-dessous sont le fruit de l&rsquo;observation constante d&rsquo;un milieu riche et vivant qui a connu une \u00e9volution remarquable pendant cette longue p\u00e9riode. Unique (dans tous les sens [&hellip;]<\/p>\n","protected":false},"author":1,"featured_media":0,"parent":0,"menu_order":0,"comment_status":"closed","ping_status":"closed","template":"","meta":{"footnotes":""},"class_list":["post-23","page","type-page","status-publish","hentry"],"_links":{"self":[{"href":"https:\/\/www.radama.fr\/index.php\/wp-json\/wp\/v2\/pages\/23","targetHints":{"allow":["GET"]}}],"collection":[{"href":"https:\/\/www.radama.fr\/index.php\/wp-json\/wp\/v2\/pages"}],"about":[{"href":"https:\/\/www.radama.fr\/index.php\/wp-json\/wp\/v2\/types\/page"}],"author":[{"embeddable":true,"href":"https:\/\/www.radama.fr\/index.php\/wp-json\/wp\/v2\/users\/1"}],"replies":[{"embeddable":true,"href":"https:\/\/www.radama.fr\/index.php\/wp-json\/wp\/v2\/comments?post=23"}],"version-history":[{"count":15,"href":"https:\/\/www.radama.fr\/index.php\/wp-json\/wp\/v2\/pages\/23\/revisions"}],"predecessor-version":[{"id":39,"href":"https:\/\/www.radama.fr\/index.php\/wp-json\/wp\/v2\/pages\/23\/revisions\/39"}],"wp:attachment":[{"href":"https:\/\/www.radama.fr\/index.php\/wp-json\/wp\/v2\/media?parent=23"}],"curies":[{"name":"wp","href":"https:\/\/api.w.org\/{rel}","templated":true}]}}